{"id":138,"date":"2023-07-19T11:57:04","date_gmt":"2023-07-19T09:57:04","guid":{"rendered":"https:\/\/www.etude-pineappl.com\/?page_id=138"},"modified":"2024-02-23T11:27:26","modified_gmt":"2024-02-23T10:27:26","slug":"question-reponse","status":"publish","type":"page","link":"https:\/\/www.etude-pineappl.com\/?page_id=138","title":{"rendered":"Question r\u00e9ponse"},"content":{"rendered":"\n<div class=\"wp-block-group alignwide has-light-green-cyan-background-color has-background has-global-padding is-layout-constrained wp-container-core-group-is-layout-bf97a582 wp-block-group-is-layout-constrained\" style=\"padding-top:var(--wp--preset--spacing--30);padding-right:var(--wp--preset--spacing--30);padding-bottom:var(--wp--preset--spacing--30);padding-left:var(--wp--preset--spacing--30)\">\n<p class=\"has-large-font-size\"><strong>Qu\u2019est-ce que l\u2019inflammation<\/strong><\/p>\n\n\n\n<hr class=\"wp-block-separator has-alpha-channel-opacity\"\/>\n\n\n\n<p class=\"has-small-font-size\">En temps normal, la peau et les muqueuses permettent de prot\u00e9ger l\u2019organisme contre les agressions externes. Mais en cas d\u2019infection ou de blessure (une br\u00fblure, une plaie&#8230;), des micro-organismes (bact\u00e9ries, champignons ou virus) peuvent franchir cette barri\u00e8re protectrice.<\/p>\n\n\n\n<p class=\"has-small-font-size\">L\u2019inflammation ou r\u00e9action inflammatoire est un m\u00e9canisme naturel qui va se mettre en place quand l&rsquo;organisme subit une agression&nbsp;: chimique, toxique, microbienne, traumatique.<\/p>\n\n\n\n<p class=\"has-small-font-size\">En g\u00e9n\u00e9ral, l\u2019inflammation est une r\u00e9action utile \u00e0 l\u2019organisme puisqu\u2019elle lui permet de se d\u00e9fendre de fa\u00e7on ponctuelle contre une agression. On parle alors de r\u00e9action inflammatoire \u00abaigu\u00eb\u00bb.<\/p>\n\n\n\n<p class=\"has-small-font-size\">Mais, dans certains cas, il arrive que l\u2019inflammation perdure jusqu\u2019\u00e0 devenir chronique. Le plus souvent, elle n\u2019est pas d\u00e9clench\u00e9e par une blessure ou une infection mais par des signaux de \u00ab danger\u00bb dont l\u2019origine n\u2019est pas toujours connue.<\/p>\n\n\n\n<p class=\"has-small-font-size\">Cette r\u00e9action <strong>inflammatoire chronique<\/strong> \u00e9chappe alors \u00e0 la r\u00e9gulation du syst\u00e8me immunitaire. Elle devient n\u00e9faste et doit \u00eatre contr\u00f4l\u00e9e. C\u2019est le cas des maladies inflammatoires chroniques,<\/p>\n\n\n\n<p class=\"has-small-font-size\">Une alimentation trop riche associ\u00e9e \u00e0 un manque d\u2019activit\u00e9 physique favorise non seulement la prise de poids, mais aussi l\u2019inflammation<\/p>\n\n\n\n<p class=\"has-small-font-size\">Les cellules adipeuses, par exemple, quand elles se gonflent de gras, fabriquent des messagers de l\u2019inflammation (TNFalpha, interleukines\u2026). Ceux-ci attirent des cellules de l\u2019immunit\u00e9 qui s\u2019accumulent. Chez les personnes ob\u00e8ses, les g\u00e8nes de l\u2019inflammation sont tr\u00e8s fortement activ\u00e9s dans ces cellules.&nbsp; Sous l\u2019action des messagers sanguins, l\u2019inflammation gagne tout l\u2019organisme. \u00ab Le fonctionnement de tous les organes est alt\u00e9r\u00e9. \u00bb<\/p>\n<\/div>\n\n\n\n<div class=\"wp-block-columns alignwide is-layout-flex wp-container-core-columns-is-layout-d2da2050 wp-block-columns-is-layout-flex\" style=\"margin-bottom:0\">\n<div class=\"wp-block-column has-text-color has-background has-link-color wp-elements-a71cd39ccf3b0b64f929b0991027f511 is-layout-flow wp-block-column-is-layout-flow\" style=\"color:#000000;background-color:#ffe97d;padding-top:2em;padding-right:2em;padding-bottom:2em;padding-left:2em\">\n<p style=\"font-size:clamp(14px, 0.875rem + ((1vw - 3.2px) * 0.682), 20px);line-height:1.5\"><strong>Qu&rsquo;est-ce que l&rsquo;\u00e9tude clinique pineappl<\/strong> ?<\/p>\n\n\n\n<hr class=\"wp-block-separator has-text-color has-css-opacity has-background is-style-wide\" style=\"background-color:#000000;color:#000000\"\/>\n\n\n\n<p>Notre but est de trouver comment <strong>r\u00e9duire l\u2019inflammation ce qui permettrait de r\u00e9duire les facteurs de risques<\/strong> des maladies du c\u0153ur, complications du diab\u00e8te et de l\u2019ob\u00e9sit\u00e9\u00a0<\/p>\n\n\n\n<p>Les conditions de r\u00e9alisation de cette \u00e9tude clinique sont strictement d\u00e9finies par la loi\u202f: des autorisations pr\u00e9alables sont n\u00e9cessaires, la participation \u00e0 une \u00e9tude est volontaire.&nbsp;<\/p>\n<\/div>\n\n\n\n<div class=\"wp-block-column has-text-color has-background has-link-color wp-elements-3268fb54c0ed3d99339b798d9c74b541 is-layout-flow wp-block-column-is-layout-flow\" style=\"color:#000000;background-color:#d1d1e1;padding-top:2em;padding-right:2em;padding-bottom:2em;padding-left:2em\">\n<p style=\"font-size:clamp(14px, 0.875rem + ((1vw - 3.2px) * 0.682), 20px);line-height:1.5\"><strong><strong>O\u00f9 cette \u00e9tude a-elle lieu ?<\/strong><\/strong><\/p>\n\n\n\n<hr class=\"wp-block-separator has-css-opacity is-style-wide\"\/>\n\n\n\n<p>Cette \u00e9tude se d\u00e9roule dans 8 centres de recherche cliniques int\u00e9gr\u00e9s dans des h\u00f4pitaux publics en France.&nbsp;<\/p>\n<\/div>\n\n\n\n<div class=\"wp-block-column has-text-color has-background has-link-color wp-elements-6bb8184dcccb1f9e6dc58975fa7b959e is-layout-flow wp-block-column-is-layout-flow\" style=\"color:#000000;background-color:#c0ebf1;padding-top:2em;padding-right:2em;padding-bottom:2em;padding-left:2em\">\n<p style=\"font-size:clamp(14px, 0.875rem + ((1vw - 3.2px) * 0.682), 20px);\"><strong><strong>Tout le monde peut-il se porter volontaire pour participer \u00e0 cette \u00e9tude\u202f?<\/strong>&nbsp;<\/strong><\/p>\n\n\n\n<hr class=\"wp-block-separator has-css-opacity is-style-wide\"\/>\n\n\n\n<p>Pour vous porter volontaire, vous devez \u00eatre \u00e2g\u00e9s d\u2019au moins 18 ans, respecter un certain nombre de crit\u00e8res de s\u00e9lection et avoir \u00e9t\u00e9 inform\u00e9 de mani\u00e8re pr\u00e9cise sur le d\u00e9roulement et les contraintes de cette \u00e9tude.&nbsp;<\/p>\n<\/div>\n<\/div>\n\n\n\n<div class=\"wp-block-columns alignwide is-layout-flex wp-container-core-columns-is-layout-d2da2050 wp-block-columns-is-layout-flex\" style=\"margin-bottom:0\">\n<div class=\"wp-block-column has-text-color has-background has-link-color wp-elements-ced1b6411a4fbb2fc03b70e1b6f15e4b is-layout-flow wp-block-column-is-layout-flow\" style=\"color:#000000;background-color:#d1d1e1;padding-top:2em;padding-right:2em;padding-bottom:2em;padding-left:2em\">\n<p style=\"font-size:clamp(14px, 0.875rem + ((1vw - 3.2px) * 0.682), 20px);line-height:1.5\"><strong><strong>Quels sont les risques\u202f?<\/strong><\/strong><\/p>\n\n\n\n<hr class=\"wp-block-separator has-text-color has-css-opacity has-background is-style-wide\" style=\"background-color:#000000;color:#000000\"\/>\n\n\n\n<p>&nbsp;Dans cette \u00e9tude, il vous sera demand\u00e9 un pr\u00e9l\u00e8vement de sang et un recueil de vos selles.&nbsp;&nbsp;<\/p>\n\n\n\n<p>Une consultation avec un m\u00e9decin permettra de juger des crit\u00e8res d\u2019inclusion et le pr\u00e9l\u00e8vement est effectu\u00e9 par du personnel habilit\u00e9.<\/p>\n<\/div>\n\n\n\n<div class=\"wp-block-column has-text-color has-background has-link-color wp-elements-3bccaf108a54a9b6765f0be884350fae is-layout-flow wp-block-column-is-layout-flow\" style=\"color:#000000;background-color:#c0ebf1;padding-top:2em;padding-right:2em;padding-bottom:2em;padding-left:2em\">\n<h2 class=\"wp-block-heading\" id=\"family\" style=\"font-size:clamp(14px, 0.875rem + ((1vw - 3.2px) * 0.682), 20px);\"><strong><strong>Pouvez-vous participer \u00e0 plusieurs \u00e9tudes\u202f?<\/strong>&nbsp;<\/strong><\/h2>\n\n\n\n<hr class=\"wp-block-separator has-css-opacity is-style-wide\"\/>\n\n\n\n<p>Oui, mais jamais simultan\u00e9ment ! Vous \u00eates \u00e9ligible \u00e0 participer \u00e0 notre \u00e9tude \u00e0 condition que vous ne soyez actuellement engag\u00e9 dans aucune autre \u00e9tude de nature interventionnelle, qui comprendrait des traitements m\u00e9dicaux ou des r\u00e9gimes sp\u00e9cifiques. Vous ne pouvez pas participer \u00e0 plus d\u2019une \u00e9tude \u00e0 la fois, et il y a une p\u00e9riode d\u2019attente minimum entre deux \u00e9tudes.&nbsp;<\/p>\n<\/div>\n\n\n\n<div class=\"wp-block-column has-text-color has-background has-link-color wp-elements-58765ebbe413c1aa68cca55f24a3bbf6 is-layout-flow wp-block-column-is-layout-flow\" style=\"color:#000000;background-color:#ffe97d;padding-top:2em;padding-right:2em;padding-bottom:2em;padding-left:2em\">\n<h2 class=\"wp-block-heading\" id=\"patron\" style=\"font-size:clamp(14px, 0.875rem + ((1vw - 3.2px) * 0.682), 20px);\"><strong>Quelle est la dur\u00e9e d\u2019une \u00e9tude\u202f?<\/strong>&nbsp;<\/h2>\n\n\n\n<hr class=\"wp-block-separator has-css-opacity is-style-wide\"\/>\n\n\n\n<p>La dur\u00e9e de l&rsquo;\u00e9tude est de 27 mois mais votre participation est de 1 semaine.<\/p>\n\n\n\n<p><\/p>\n\n\n\n<p>La description de l\u2019\u00e9tude est d\u00e9taill\u00e9 dans la note d\u2019information qui vous sera communiqu\u00e9e si vous \u00eates s\u00e9lectionn\u00e9(e) pour participer.&nbsp;<\/p>\n<\/div>\n<\/div>\n\n\n\n<div class=\"wp-block-columns alignwide is-layout-flex wp-container-core-columns-is-layout-d2da2050 wp-block-columns-is-layout-flex\" style=\"margin-bottom:0\">\n<div class=\"wp-block-column has-text-color has-background has-link-color wp-elements-a7dda8d5cbcf9e63b0007486ecdf6422 is-layout-flow wp-block-column-is-layout-flow\" style=\"color:#000000;background-color:#c0ebf1;padding-top:2em;padding-right:2em;padding-bottom:2em;padding-left:2em\">\n<p style=\"font-size:clamp(14px, 0.875rem + ((1vw - 3.2px) * 0.682), 20px);line-height:1.5\"><strong>Qu\u2019en est-il de la confidentialit\u00e9\u202f?<\/strong><\/p>\n\n\n\n<hr class=\"wp-block-separator has-text-color has-css-opacity has-background is-style-wide\" style=\"background-color:#000000;color:#000000\"\/>\n\n\n\n<p>Vos informations personnelles seront connues du personnel. Les personnes suivantes auront acc\u00e8s \u00e0 vos dossiers : le m\u00e9decin investigateur de l&rsquo;\u00e9tude, le personnel habilit\u00e9 par le m\u00e9decin investigateur.&nbsp;&nbsp;<\/p>\n\n\n\n<p>Les donn\u00e9es non nominatives sont connues par le promoteur de l\u2019\u00e9tude.&nbsp;<\/p>\n\n\n\n<p>Vos noms et pr\u00e9noms ne sont jamais communiqu\u00e9s au promoteur.&nbsp;<\/p>\n\n\n\n<p>Si les r\u00e9sultats d&rsquo;une \u00e9tude sont pr\u00e9sent\u00e9s \u00e0 des r\u00e9unions scientifiques ou publi\u00e9s dans la presse m\u00e9dicale, vos informations personnelles ne seront pas divulgu\u00e9es et seront prot\u00e9g\u00e9es.&nbsp;<\/p>\n<\/div>\n\n\n\n<div class=\"wp-block-column has-text-color has-background has-link-color wp-elements-dae583e4cfbb29cf10e37fbfaf881d87 is-layout-flow wp-block-column-is-layout-flow\" style=\"color:#000000;background-color:#ffe97d;padding-top:2em;padding-right:2em;padding-bottom:2em;padding-left:2em\">\n<p style=\"font-size:clamp(14px, 0.875rem + ((1vw - 3.2px) * 0.682), 20px);line-height:1.5\"><strong><strong>Une prise de sang est-elle obligatoire?<\/strong><\/strong><\/p>\n\n\n\n<hr class=\"wp-block-separator has-css-opacity is-style-wide\"\/>\n\n\n\n<p>Oui, le personnel dans le milieu hospitalier qualifi\u00e9 est l\u00e0, afin que cette \u00e9tude  se d\u00e9roule dans les meilleures conditions et s\u2019assure en permanence de votre s\u00e9curit\u00e9.<\/p>\n<\/div>\n\n\n\n<div class=\"wp-block-column has-text-color has-background has-link-color wp-elements-7fd17ede20ae5869664e441cde69b0df is-layout-flow wp-block-column-is-layout-flow\" style=\"color:#000000;background-color:#d1d1e1;padding-top:2em;padding-right:2em;padding-bottom:2em;padding-left:2em\">\n<p style=\"font-size:clamp(14px, 0.875rem + ((1vw - 3.2px) * 0.682), 20px);\"><strong><strong>Pouvez-vous sortir de l\u2019\u00e9tude ?<\/strong><\/strong><\/p>\n\n\n\n<hr class=\"wp-block-separator has-css-opacity is-style-wide\"\/>\n\n\n\n<p>Oui, vous pouvez sortir de cette \u00e9tude \u00e0 tout moment. Si vous d\u00e9cidez d\u2019arr\u00eater une \u00e9tude, vous \u00eates libre de le faire apr\u00e8s avoir inform\u00e9 vos interlocuteurs.&nbsp;<\/p>\n<\/div>\n<\/div>\n\n\n\n<div class=\"wp-block-columns alignwide is-layout-flex wp-container-core-columns-is-layout-d2da2050 wp-block-columns-is-layout-flex\" style=\"margin-bottom:0\">\n<div class=\"wp-block-column has-background is-layout-flow wp-block-column-is-layout-flow\" style=\"background-color:#ffffff00;padding-top:0em;padding-right:0em;padding-bottom:0em;padding-left:0em\"><\/div>\n<\/div>\n","protected":false},"excerpt":{"rendered":"<p>Qu\u2019est-ce que l\u2019inflammation En temps normal, la peau et les muqueuses permettent de prot\u00e9ger l\u2019organisme contre les agressions externes. Mais en cas d\u2019infection ou de blessure (une br\u00fblure, une plaie&#8230;), des micro-organismes (bact\u00e9ries, champignons ou virus) peuvent franchir cette barri\u00e8re protectrice. L\u2019inflammation ou r\u00e9action inflammatoire est un m\u00e9canisme naturel qui va se mettre en place [&hellip;]<\/p>\n","protected":false},"author":1,"featured_media":0,"parent":0,"menu_order":0,"comment_status":"closed","ping_status":"closed","template":"","meta":{"footnotes":""},"class_list":["post-138","page","type-page","status-publish","hentry"],"yoast_head":"<!-- This site is optimized with the Yoast SEO Premium plugin v23.8 (Yoast SEO v27.4) - https:\/\/yoast.com\/product\/yoast-seo-premium-wordpress\/ -->\n<title>Question r\u00e9ponse - ETUDE PINEAPPL<\/title>\n<meta name=\"robots\" content=\"index, follow, max-snippet:-1, max-image-preview:large, max-video-preview:-1\" \/>\n<link rel=\"canonical\" href=\"https:\/\/www.etude-pineappl.com\/?page_id=138\" \/>\n<meta property=\"og:locale\" content=\"fr_FR\" \/>\n<meta property=\"og:type\" content=\"article\" \/>\n<meta property=\"og:title\" content=\"Question r\u00e9ponse\" \/>\n<meta property=\"og:description\" content=\"Qu\u2019est-ce que l\u2019inflammation En temps normal, la peau et les muqueuses permettent de prot\u00e9ger l\u2019organisme contre les agressions externes. Mais en cas d\u2019infection ou de blessure (une br\u00fblure, une plaie&#8230;), des micro-organismes (bact\u00e9ries, champignons ou virus) peuvent franchir cette barri\u00e8re protectrice. L\u2019inflammation ou r\u00e9action inflammatoire est un m\u00e9canisme naturel qui va se mettre en place [&hellip;]\" \/>\n<meta property=\"og:url\" content=\"https:\/\/www.etude-pineappl.com\/?page_id=138\" \/>\n<meta property=\"og:site_name\" content=\"ETUDE PINEAPPL\" \/>\n<meta property=\"article:modified_time\" content=\"2024-02-23T10:27:26+00:00\" \/>\n<meta name=\"twitter:card\" content=\"summary_large_image\" \/>\n<meta name=\"twitter:label1\" content=\"Dur\u00e9e de lecture estim\u00e9e\" \/>\n\t<meta name=\"twitter:data1\" content=\"4 minutes\" \/>\n<script type=\"application\/ld+json\" class=\"yoast-schema-graph\">{\"@context\":\"https:\\\/\\\/schema.org\",\"@graph\":[{\"@type\":\"WebPage\",\"@id\":\"https:\\\/\\\/www.etude-pineappl.com\\\/?page_id=138\",\"url\":\"https:\\\/\\\/www.etude-pineappl.com\\\/?page_id=138\",\"name\":\"Question r\u00e9ponse - ETUDE PINEAPPL\",\"isPartOf\":{\"@id\":\"https:\\\/\\\/www.etude-pineappl.com\\\/#website\"},\"datePublished\":\"2023-07-19T09:57:04+00:00\",\"dateModified\":\"2024-02-23T10:27:26+00:00\",\"breadcrumb\":{\"@id\":\"https:\\\/\\\/www.etude-pineappl.com\\\/?page_id=138#breadcrumb\"},\"inLanguage\":\"fr-FR\",\"potentialAction\":[{\"@type\":\"ReadAction\",\"target\":[\"https:\\\/\\\/www.etude-pineappl.com\\\/?page_id=138\"]}]},{\"@type\":\"BreadcrumbList\",\"@id\":\"https:\\\/\\\/www.etude-pineappl.com\\\/?page_id=138#breadcrumb\",\"itemListElement\":[{\"@type\":\"ListItem\",\"position\":1,\"name\":\"Accueil\",\"item\":\"https:\\\/\\\/www.etude-pineappl.com\\\/\"},{\"@type\":\"ListItem\",\"position\":2,\"name\":\"Question r\u00e9ponse\"}]},{\"@type\":\"WebSite\",\"@id\":\"https:\\\/\\\/www.etude-pineappl.com\\\/#website\",\"url\":\"https:\\\/\\\/www.etude-pineappl.com\\\/\",\"name\":\"ETUDE PINEAPPL\",\"description\":\"Etude clinique sur le lien entre microbiote et la nutrition et inflammation\",\"publisher\":{\"@id\":\"https:\\\/\\\/www.etude-pineappl.com\\\/#organization\"},\"alternateName\":\"etude pineappl\",\"potentialAction\":[{\"@type\":\"SearchAction\",\"target\":{\"@type\":\"EntryPoint\",\"urlTemplate\":\"https:\\\/\\\/www.etude-pineappl.com\\\/?s={search_term_string}\"},\"query-input\":{\"@type\":\"PropertyValueSpecification\",\"valueRequired\":true,\"valueName\":\"search_term_string\"}}],\"inLanguage\":\"fr-FR\"},{\"@type\":\"Organization\",\"@id\":\"https:\\\/\\\/www.etude-pineappl.com\\\/#organization\",\"name\":\"Integrative phenomics\",\"url\":\"https:\\\/\\\/www.etude-pineappl.com\\\/\",\"logo\":{\"@type\":\"ImageObject\",\"inLanguage\":\"fr-FR\",\"@id\":\"https:\\\/\\\/www.etude-pineappl.com\\\/#\\\/schema\\\/logo\\\/image\\\/\",\"url\":\"https:\\\/\\\/www.etude-pineappl.com\\\/wp-content\\\/uploads\\\/2023\\\/07\\\/MicrosoftTeams-image.png\",\"contentUrl\":\"https:\\\/\\\/www.etude-pineappl.com\\\/wp-content\\\/uploads\\\/2023\\\/07\\\/MicrosoftTeams-image.png\",\"width\":940,\"height\":338,\"caption\":\"Integrative phenomics\"},\"image\":{\"@id\":\"https:\\\/\\\/www.etude-pineappl.com\\\/#\\\/schema\\\/logo\\\/image\\\/\"}}]}<\/script>\n<!-- \/ Yoast SEO Premium plugin. -->","yoast_head_json":{"title":"Question r\u00e9ponse - ETUDE PINEAPPL","robots":{"index":"index","follow":"follow","max-snippet":"max-snippet:-1","max-image-preview":"max-image-preview:large","max-video-preview":"max-video-preview:-1"},"canonical":"https:\/\/www.etude-pineappl.com\/?page_id=138","og_locale":"fr_FR","og_type":"article","og_title":"Question r\u00e9ponse","og_description":"Qu\u2019est-ce que l\u2019inflammation En temps normal, la peau et les muqueuses permettent de prot\u00e9ger l\u2019organisme contre les agressions externes. Mais en cas d\u2019infection ou de blessure (une br\u00fblure, une plaie&#8230;), des micro-organismes (bact\u00e9ries, champignons ou virus) peuvent franchir cette barri\u00e8re protectrice. L\u2019inflammation ou r\u00e9action inflammatoire est un m\u00e9canisme naturel qui va se mettre en place [&hellip;]","og_url":"https:\/\/www.etude-pineappl.com\/?page_id=138","og_site_name":"ETUDE PINEAPPL","article_modified_time":"2024-02-23T10:27:26+00:00","twitter_card":"summary_large_image","twitter_misc":{"Dur\u00e9e de lecture estim\u00e9e":"4 minutes"},"schema":{"@context":"https:\/\/schema.org","@graph":[{"@type":"WebPage","@id":"https:\/\/www.etude-pineappl.com\/?page_id=138","url":"https:\/\/www.etude-pineappl.com\/?page_id=138","name":"Question r\u00e9ponse - ETUDE PINEAPPL","isPartOf":{"@id":"https:\/\/www.etude-pineappl.com\/#website"},"datePublished":"2023-07-19T09:57:04+00:00","dateModified":"2024-02-23T10:27:26+00:00","breadcrumb":{"@id":"https:\/\/www.etude-pineappl.com\/?page_id=138#breadcrumb"},"inLanguage":"fr-FR","potentialAction":[{"@type":"ReadAction","target":["https:\/\/www.etude-pineappl.com\/?page_id=138"]}]},{"@type":"BreadcrumbList","@id":"https:\/\/www.etude-pineappl.com\/?page_id=138#breadcrumb","itemListElement":[{"@type":"ListItem","position":1,"name":"Accueil","item":"https:\/\/www.etude-pineappl.com\/"},{"@type":"ListItem","position":2,"name":"Question r\u00e9ponse"}]},{"@type":"WebSite","@id":"https:\/\/www.etude-pineappl.com\/#website","url":"https:\/\/www.etude-pineappl.com\/","name":"ETUDE PINEAPPL","description":"Etude clinique sur le lien entre microbiote et la nutrition et inflammation","publisher":{"@id":"https:\/\/www.etude-pineappl.com\/#organization"},"alternateName":"etude pineappl","potentialAction":[{"@type":"SearchAction","target":{"@type":"EntryPoint","urlTemplate":"https:\/\/www.etude-pineappl.com\/?s={search_term_string}"},"query-input":{"@type":"PropertyValueSpecification","valueRequired":true,"valueName":"search_term_string"}}],"inLanguage":"fr-FR"},{"@type":"Organization","@id":"https:\/\/www.etude-pineappl.com\/#organization","name":"Integrative phenomics","url":"https:\/\/www.etude-pineappl.com\/","logo":{"@type":"ImageObject","inLanguage":"fr-FR","@id":"https:\/\/www.etude-pineappl.com\/#\/schema\/logo\/image\/","url":"https:\/\/www.etude-pineappl.com\/wp-content\/uploads\/2023\/07\/MicrosoftTeams-image.png","contentUrl":"https:\/\/www.etude-pineappl.com\/wp-content\/uploads\/2023\/07\/MicrosoftTeams-image.png","width":940,"height":338,"caption":"Integrative phenomics"},"image":{"@id":"https:\/\/www.etude-pineappl.com\/#\/schema\/logo\/image\/"}}]}},"_links":{"self":[{"href":"https:\/\/www.etude-pineappl.com\/index.php?rest_route=\/wp\/v2\/pages\/138","targetHints":{"allow":["GET"]}}],"collection":[{"href":"https:\/\/www.etude-pineappl.com\/index.php?rest_route=\/wp\/v2\/pages"}],"about":[{"href":"https:\/\/www.etude-pineappl.com\/index.php?rest_route=\/wp\/v2\/types\/page"}],"author":[{"embeddable":true,"href":"https:\/\/www.etude-pineappl.com\/index.php?rest_route=\/wp\/v2\/users\/1"}],"replies":[{"embeddable":true,"href":"https:\/\/www.etude-pineappl.com\/index.php?rest_route=%2Fwp%2Fv2%2Fcomments&post=138"}],"version-history":[{"count":10,"href":"https:\/\/www.etude-pineappl.com\/index.php?rest_route=\/wp\/v2\/pages\/138\/revisions"}],"predecessor-version":[{"id":290,"href":"https:\/\/www.etude-pineappl.com\/index.php?rest_route=\/wp\/v2\/pages\/138\/revisions\/290"}],"wp:attachment":[{"href":"https:\/\/www.etude-pineappl.com\/index.php?rest_route=%2Fwp%2Fv2%2Fmedia&parent=138"}],"curies":[{"name":"wp","href":"https:\/\/api.w.org\/{rel}","templated":true}]}}